{"id":2,"date":"2021-01-22T14:42:11","date_gmt":"2021-01-22T14:42:11","guid":{"rendered":"https:\/\/desilvahaus.pl\/?page_id=2"},"modified":"2021-01-25T11:51:53","modified_gmt":"2021-01-25T11:51:53","slug":"sample-page","status":"publish","type":"page","link":"https:\/\/desilvahaus.pl\/","title":{"rendered":"De Silva Haus"},"content":{"rendered":"\n<p>Sp\u00f3\u0142ka Akcyjna De Silva Haus jest firm\u0105 dewelopersk\u0105 zajmuj\u0105ca si\u0119 mi\u0119dzy innymi budownictwem mieszkaniowym i najmem lokali u\u017cytkowych.&nbsp;<\/p>\n\n\n\n<h2>DeSilva Office Center<\/h2>\n\n\n\n<p>Pu\u0142awska 45B, 05-500 Piaseczno<\/p>\n\n\n\n<figure class=\"wp-block-gallery columns-3 is-cropped\"><ul class=\"blocks-gallery-grid\"><li class=\"blocks-gallery-item\"><figure><img loading=\"lazy\" width=\"1024\" height=\"800\" src=\"https:\/\/desilvahaus.pl\/wp-content\/uploads\/2021\/01\/OF_foto-1024x800.jpg\" alt=\"\" data-id=\"21\" data-full-url=\"https:\/\/desilvahaus.pl\/wp-content\/uploads\/2021\/01\/OF_foto.jpg\" data-link=\"https:\/\/desilvahaus.pl\/?attachment_id=21\" class=\"wp-image-21\" srcset=\"https:\/\/desilvahaus.pl\/wp-content\/uploads\/2021\/01\/OF_foto-1024x800.jpg 1024w, https:\/\/desilvahaus.pl\/wp-content\/uploads\/2021\/01\/OF_foto-300x234.jpg 300w, https:\/\/desilvahaus.pl\/wp-content\/uploads\/2021\/01\/OF_foto-768x600.jpg 768w, https:\/\/desilvahaus.pl\/wp-content\/uploads\/2021\/01\/OF_foto-1536x1200.jpg 1536w, https:\/\/desilvahaus.pl\/wp-content\/uploads\/2021\/01\/OF_foto.jpg 1855w\" sizes=\"(max-width: 1024px) 100vw, 1024px\" \/><\/figure><\/li><li class=\"blocks-gallery-item\"><figure><img loading=\"lazy\" width=\"1024\" height=\"512\" src=\"https:\/\/desilvahaus.pl\/wp-content\/uploads\/2021\/01\/dsc_3143-1024x512.jpg\" alt=\"\" data-id=\"23\" data-full-url=\"https:\/\/desilvahaus.pl\/wp-content\/uploads\/2021\/01\/dsc_3143.jpg\" data-link=\"https:\/\/desilvahaus.pl\/?attachment_id=23\" class=\"wp-image-23\" srcset=\"https:\/\/desilvahaus.pl\/wp-content\/uploads\/2021\/01\/dsc_3143-1024x512.jpg 1024w, https:\/\/desilvahaus.pl\/wp-content\/uploads\/2021\/01\/dsc_3143-300x150.jpg 300w, https:\/\/desilvahaus.pl\/wp-content\/uploads\/2021\/01\/dsc_3143-768x384.jpg 768w, https:\/\/desilvahaus.pl\/wp-content\/uploads\/2021\/01\/dsc_3143.jpg 1400w\" sizes=\"(max-width: 1024px) 100vw, 1024px\" \/><\/figure><\/li><li class=\"blocks-gallery-item\"><figure><img loading=\"lazy\" width=\"1024\" height=\"680\" src=\"https:\/\/desilvahaus.pl\/wp-content\/uploads\/2021\/01\/sala_logo-1024x680.jpg\" alt=\"\" data-id=\"22\" data-full-url=\"https:\/\/desilvahaus.pl\/wp-content\/uploads\/2021\/01\/sala_logo.jpg\" data-link=\"https:\/\/desilvahaus.pl\/?attachment_id=22\" class=\"wp-image-22\" srcset=\"https:\/\/desilvahaus.pl\/wp-content\/uploads\/2021\/01\/sala_logo-1024x680.jpg 1024w, https:\/\/desilvahaus.pl\/wp-content\/uploads\/2021\/01\/sala_logo-300x199.jpg 300w, https:\/\/desilvahaus.pl\/wp-content\/uploads\/2021\/01\/sala_logo-768x510.jpg 768w, https:\/\/desilvahaus.pl\/wp-content\/uploads\/2021\/01\/sala_logo.jpg 1200w\" sizes=\"(max-width: 1024px) 100vw, 1024px\" \/><\/figure><\/li><\/ul><\/figure>\n\n\n\n<p><strong>Beneficjent:<\/strong><\/p>\n\n\n\n<p><em>De Silva Haus S.A.<\/em><\/p>\n\n\n\n<p><strong>Projekt:<\/strong><\/p>\n\n\n\n<p><em>Dotacje na kapita\u0142 obrotowy Programu Operacyjnego Inteligentny Rozw\u00f3j 2014-2020 wsp\u00f3\u0142finansowanego ze \u015brodk\u00f3w Europejskiego Funduszu Rozwoju Regionalnego (Dzia\u0142anie 3.4.) Dofinansowanie Projektu wynios\u0142o: 79.524,06 z\u0142.<\/em><\/p>\n\n\n\n<div class=\"wp-block-image\"><figure class=\"aligncenter size-large\"><img loading=\"lazy\" width=\"1024\" height=\"141\" src=\"https:\/\/desilvahaus.pl\/wp-content\/uploads\/2021\/01\/FE_POIR_poziom_pl-1_rgb-1024x141.png\" alt=\"\" class=\"wp-image-16\" srcset=\"https:\/\/desilvahaus.pl\/wp-content\/uploads\/2021\/01\/FE_POIR_poziom_pl-1_rgb-1024x141.png 1024w, https:\/\/desilvahaus.pl\/wp-content\/uploads\/2021\/01\/FE_POIR_poziom_pl-1_rgb-300x41.png 300w, https:\/\/desilvahaus.pl\/wp-content\/uploads\/2021\/01\/FE_POIR_poziom_pl-1_rgb-768x106.png 768w, https:\/\/desilvahaus.pl\/wp-content\/uploads\/2021\/01\/FE_POIR_poziom_pl-1_rgb-1536x211.png 1536w, https:\/\/desilvahaus.pl\/wp-content\/uploads\/2021\/01\/FE_POIR_poziom_pl-1_rgb-2048x282.png 2048w\" sizes=\"(max-width: 1024px) 100vw, 1024px\" \/><\/figure><\/div>\n","protected":false},"excerpt":{"rendered":"<p>Sp\u00f3\u0142ka Akcyjna De Silva Haus jest firm\u0105 dewelopersk\u0105 zajmuj\u0105ca si\u0119 mi\u0119dzy innymi budownictwem mieszkaniowym i najmem lokali u\u017cytkowych.&nbsp; DeSilva Office Center Pu\u0142awska 45B, 05-500 Piaseczno Beneficjent: De Silva Haus S.A. Projekt: Dotacje na kapita\u0142 obrotowy Programu Operacyjnego Inteligentny Rozw\u00f3j 2014-2020 wsp\u00f3\u0142finansowanego ze \u015brodk\u00f3w Europejskiego Funduszu Rozwoju Regionalnego (Dzia\u0142anie 3.4.) Dofinansowanie Projektu wynios\u0142o: 79.524,06 z\u0142.<\/p>\n","protected":false},"author":1,"featured_media":0,"parent":0,"menu_order":0,"comment_status":"closed","ping_status":"open","template":"","meta":[],"_links":{"self":[{"href":"https:\/\/desilvahaus.pl\/index.php?rest_route=\/wp\/v2\/pages\/2"}],"collection":[{"href":"https:\/\/desilvahaus.pl\/index.php?rest_route=\/wp\/v2\/pages"}],"about":[{"href":"https:\/\/desilvahaus.pl\/index.php?rest_route=\/wp\/v2\/types\/page"}],"author":[{"embeddable":true,"href":"https:\/\/desilvahaus.pl\/index.php?rest_route=\/wp\/v2\/users\/1"}],"replies":[{"embeddable":true,"href":"https:\/\/desilvahaus.pl\/index.php?rest_route=%2Fwp%2Fv2%2Fcomments&post=2"}],"version-history":[{"count":8,"href":"https:\/\/desilvahaus.pl\/index.php?rest_route=\/wp\/v2\/pages\/2\/revisions"}],"predecessor-version":[{"id":31,"href":"https:\/\/desilvahaus.pl\/index.php?rest_route=\/wp\/v2\/pages\/2\/revisions\/31"}],"wp:attachment":[{"href":"https:\/\/desilvahaus.pl\/index.php?rest_route=%2Fwp%2Fv2%2Fmedia&parent=2"}],"curies":[{"name":"wp","href":"https:\/\/api.w.org\/{rel}","templated":true}]}}